{"id":11,"date":"2022-04-27T14:18:11","date_gmt":"2022-04-27T17:18:11","guid":{"rendered":"https:\/\/www.disk-art.com.br\/site\/?page_id=11"},"modified":"2022-04-29T08:57:20","modified_gmt":"2022-04-29T11:57:20","slug":"sobre-disk-art","status":"publish","type":"page","link":"https:\/\/www.disk-art.com.br\/site\/sobre-disk-art\/","title":{"rendered":"Sobre"},"content":{"rendered":"\n<p>A <strong>Disk-Art<\/strong> foi fundada no ano de 2003, e nasceu com o prop\u00f3sito de fabricar produtos descart\u00e1veis de higiene, especificamente na produ\u00e7\u00e3o de <strong>protetores descart\u00e1veis para assento sanit\u00e1rio<\/strong> e <strong>saquinhos para descarte de absorventes higi\u00eanicos<\/strong>, visando satisfazer seus clientes-parceiros com produtos de alta qualidade, atendimento personalizado, agilidade nas entregas; tudo no mais alto padr\u00e3o de \u00e9tica e profissionalismo.<\/p>\n\n\n\n<p>Nossos produtos s\u00e3o confeccionados com mat\u00e9rias-primas ecologicamente corretas, de alta qualidade e s\u00e3o direcionados a diversos seguimentos empresariais como: shoppings, hot\u00e9is, laborat\u00f3rios, restaurantes, estabelecimentos comerciais e industriais, ou qualquer outro que possua banheiros coletivos.<\/p>\n\n\n\n<p><strong>Disk-Art Produtos de Higiene Ltda.<\/strong><\/p>\n","protected":false},"excerpt":{"rendered":"<p>A Disk-Art foi fundada no ano de 2003, e nasceu com o prop\u00f3sito de fabricar produtos descart\u00e1veis de higiene, especificamente na produ\u00e7\u00e3o de protetores descart\u00e1veis para assento sanit\u00e1rio e saquinhos para descarte de absorventes higi\u00eanicos, visando satisfazer seus clientes-parceiros com produtos de alta qualidade, atendimento personalizado, agilidade nas entregas; tudo no mais alto padr\u00e3o de &#8230; <a title=\"Sobre\" class=\"read-more\" href=\"https:\/\/www.disk-art.com.br\/site\/sobre-disk-art\/\" aria-label=\"Read more about Sobre\">Ler mais<\/a><\/p>\n","protected":false},"author":1,"featured_media":0,"parent":0,"menu_order":0,"comment_status":"closed","ping_status":"closed","template":"","meta":{"footnotes":""},"class_list":["post-11","page","type-page","status-publish"],"_links":{"self":[{"href":"https:\/\/www.disk-art.com.br\/site\/wp-json\/wp\/v2\/pages\/11","targetHints":{"allow":["GET"]}}],"collection":[{"href":"https:\/\/www.disk-art.com.br\/site\/wp-json\/wp\/v2\/pages"}],"about":[{"href":"https:\/\/www.disk-art.com.br\/site\/wp-json\/wp\/v2\/types\/page"}],"author":[{"embeddable":true,"href":"https:\/\/www.disk-art.com.br\/site\/wp-json\/wp\/v2\/users\/1"}],"replies":[{"embeddable":true,"href":"https:\/\/www.disk-art.com.br\/site\/wp-json\/wp\/v2\/comments?post=11"}],"version-history":[{"count":4,"href":"https:\/\/www.disk-art.com.br\/site\/wp-json\/wp\/v2\/pages\/11\/revisions"}],"predecessor-version":[{"id":45,"href":"https:\/\/www.disk-art.com.br\/site\/wp-json\/wp\/v2\/pages\/11\/revisions\/45"}],"wp:attachment":[{"href":"https:\/\/www.disk-art.com.br\/site\/wp-json\/wp\/v2\/media?parent=11"}],"curies":[{"name":"wp","href":"https:\/\/api.w.org\/{rel}","templated":true}]}}