{"id":2,"date":"2022-04-27T13:02:42","date_gmt":"2022-04-27T16:02:42","guid":{"rendered":"https:\/\/www.disk-art.com.br\/site\/?page_id=2"},"modified":"2022-05-14T08:22:16","modified_gmt":"2022-05-14T11:22:16","slug":"pagina-exemplo","status":"publish","type":"page","link":"https:\/\/www.disk-art.com.br\/site\/","title":{"rendered":"Garantimos qualidade e prazo de entrega dos nossos produtos!"},"content":{"rendered":"\n<p>Protetor descart\u00e1vel para assento sanit\u00e1rio e saquinho de descarte para absorvente \u00edntimo. Fabrica\u00e7\u00e3o pr\u00f3pria, pe\u00e7a seu or\u00e7amento.<\/p>\n\n\n\n<figure class=\"wp-block-image size-full\"><img loading=\"lazy\" decoding=\"async\" width=\"800\" height=\"400\" src=\"https:\/\/www.disk-art.com.br\/site\/wp-content\/uploads\/2022\/05\/entrega.jpg\" alt=\"\" class=\"wp-image-86\" srcset=\"https:\/\/www.disk-art.com.br\/site\/wp-content\/uploads\/2022\/05\/entrega.jpg 800w, https:\/\/www.disk-art.com.br\/site\/wp-content\/uploads\/2022\/05\/entrega-300x150.jpg 300w, https:\/\/www.disk-art.com.br\/site\/wp-content\/uploads\/2022\/05\/entrega-768x384.jpg 768w\" sizes=\"auto, (max-width: 800px) 100vw, 800px\" \/><\/figure>\n","protected":false},"excerpt":{"rendered":"<p>Protetor descart\u00e1vel para assento sanit\u00e1rio e saquinho de descarte para absorvente \u00edntimo. Fabrica\u00e7\u00e3o pr\u00f3pria, pe\u00e7a seu or\u00e7amento.<\/p>\n","protected":false},"author":1,"featured_media":0,"parent":0,"menu_order":0,"comment_status":"closed","ping_status":"open","template":"","meta":{"footnotes":""},"class_list":["post-2","page","type-page","status-publish"],"_links":{"self":[{"href":"https:\/\/www.disk-art.com.br\/site\/wp-json\/wp\/v2\/pages\/2","targetHints":{"allow":["GET"]}}],"collection":[{"href":"https:\/\/www.disk-art.com.br\/site\/wp-json\/wp\/v2\/pages"}],"about":[{"href":"https:\/\/www.disk-art.com.br\/site\/wp-json\/wp\/v2\/types\/page"}],"author":[{"embeddable":true,"href":"https:\/\/www.disk-art.com.br\/site\/wp-json\/wp\/v2\/users\/1"}],"replies":[{"embeddable":true,"href":"https:\/\/www.disk-art.com.br\/site\/wp-json\/wp\/v2\/comments?post=2"}],"version-history":[{"count":9,"href":"https:\/\/www.disk-art.com.br\/site\/wp-json\/wp\/v2\/pages\/2\/revisions"}],"predecessor-version":[{"id":103,"href":"https:\/\/www.disk-art.com.br\/site\/wp-json\/wp\/v2\/pages\/2\/revisions\/103"}],"wp:attachment":[{"href":"https:\/\/www.disk-art.com.br\/site\/wp-json\/wp\/v2\/media?parent=2"}],"curies":[{"name":"wp","href":"https:\/\/api.w.org\/{rel}","templated":true}]}}