{"id":29,"date":"2022-04-28T14:03:09","date_gmt":"2022-04-28T17:03:09","guid":{"rendered":"https:\/\/www.disk-art.com.br\/site\/?page_id=29"},"modified":"2023-02-05T09:44:56","modified_gmt":"2023-02-05T12:44:56","slug":"saquinho-descarte-absorvente-higienico","status":"publish","type":"page","link":"https:\/\/www.disk-art.com.br\/site\/saquinho-descarte-absorvente-higienico\/","title":{"rendered":"Saquinho para Descarte de Absorvente Higi\u00eanico"},"content":{"rendered":"\n<p>Descarte pr\u00e1tico e seguro do absorvente higi\u00eanico. Evita risco de entupimentos nos banheiros femininos. Proporciona maior higiene no ambiente e na manipula\u00e7\u00e3o do lixo pelo pessoal de limpeza.<\/p>\n\n\n<div class=\"wp-block-image\">\n<figure class=\"aligncenter size-full\"><img loading=\"lazy\" decoding=\"async\" width=\"650\" height=\"521\" src=\"https:\/\/www.disk-art.com.br\/site\/wp-content\/uploads\/2022\/04\/saquinho-descarte-absorvente-higienico.png\" alt=\"\" class=\"wp-image-42\" srcset=\"https:\/\/www.disk-art.com.br\/site\/wp-content\/uploads\/2022\/04\/saquinho-descarte-absorvente-higienico.png 650w, https:\/\/www.disk-art.com.br\/site\/wp-content\/uploads\/2022\/04\/saquinho-descarte-absorvente-higienico-300x240.png 300w\" sizes=\"auto, (max-width: 650px) 100vw, 650px\" \/><figcaption>Saquinho para descarte de absorvente higi\u00eanico<\/figcaption><\/figure>\n<\/div>","protected":false},"excerpt":{"rendered":"<p>Descarte pr\u00e1tico e seguro do absorvente higi\u00eanico. Evita risco de entupimentos nos banheiros femininos. Proporciona maior higiene no ambiente e na manipula\u00e7\u00e3o do lixo pelo pessoal de limpeza.<\/p>\n","protected":false},"author":1,"featured_media":0,"parent":0,"menu_order":0,"comment_status":"closed","ping_status":"closed","template":"","meta":{"footnotes":""},"class_list":["post-29","page","type-page","status-publish"],"_links":{"self":[{"href":"https:\/\/www.disk-art.com.br\/site\/wp-json\/wp\/v2\/pages\/29","targetHints":{"allow":["GET"]}}],"collection":[{"href":"https:\/\/www.disk-art.com.br\/site\/wp-json\/wp\/v2\/pages"}],"about":[{"href":"https:\/\/www.disk-art.com.br\/site\/wp-json\/wp\/v2\/types\/page"}],"author":[{"embeddable":true,"href":"https:\/\/www.disk-art.com.br\/site\/wp-json\/wp\/v2\/users\/1"}],"replies":[{"embeddable":true,"href":"https:\/\/www.disk-art.com.br\/site\/wp-json\/wp\/v2\/comments?post=29"}],"version-history":[{"count":3,"href":"https:\/\/www.disk-art.com.br\/site\/wp-json\/wp\/v2\/pages\/29\/revisions"}],"predecessor-version":[{"id":144,"href":"https:\/\/www.disk-art.com.br\/site\/wp-json\/wp\/v2\/pages\/29\/revisions\/144"}],"wp:attachment":[{"href":"https:\/\/www.disk-art.com.br\/site\/wp-json\/wp\/v2\/media?parent=29"}],"curies":[{"name":"wp","href":"https:\/\/api.w.org\/{rel}","templated":true}]}}